{"id":488,"date":"2019-11-13T03:54:29","date_gmt":"2019-11-13T03:54:29","guid":{"rendered":"http:\/\/selectwines.kika.me\/?page_id=488"},"modified":"2023-03-07T06:35:49","modified_gmt":"2023-03-07T06:35:49","slug":"services","status":"publish","type":"page","link":"https:\/\/iconvinsfins.ca\/fr\/services\/","title":{"rendered":"Services"},"content":{"rendered":"<div class=\"wpb-content-wrapper\"><p>[vc_row css_animation=\u00a0\u00bb\u00a0\u00bb row_type=\u00a0\u00bbrow\u00a0\u00bb use_row_as_full_screen_section=\u00a0\u00bbno\u00a0\u00bb type=\u00a0\u00bbfull_width\u00a0\u00bb angled_section=\u00a0\u00bbno\u00a0\u00bb text_align=\u00a0\u00bbcenter\u00a0\u00bb background_image_as_pattern=\u00a0\u00bbwithout_pattern\u00a0\u00bb el_class=\u00a0\u00bbpage-banner\u00a0\u00bb z_index=\u00a0\u00bb\u00a0\u00bb][vc_column][vc_row_inner row_type=\u00a0\u00bbrow\u00a0\u00bb type=\u00a0\u00bbfull_width\u00a0\u00bb text_align=\u00a0\u00bbcenter\u00a0\u00bb row_negative_margin=\u00a0\u00bbdisable_negative_margin\u00a0\u00bb css_animation=\u00a0\u00bb\u00a0\u00bb el_class=\u00a0\u00bbbanner-text with-button\u00a0\u00bb css=\u00a0\u00bb.vc_custom_1658367424190{background-image: url(http:\/\/iconvinsfins.ca\/wp-content\/uploads\/2022\/07\/banner-services-1-1024&#215;416-1.jpg?id=18435) !important;}\u00a0\u00bb][vc_column_inner][vc_column_text]<\/p>\n<h1>Nos Services<\/h1>\n<p>[\/vc_column_text][vc_empty_space height=\u00a0\u00bb20px\u00a0\u00bb el_class=\u00a0\u00bbvc_hidden-md vc_hidden-lg\u00a0\u00bb][vc_column_text]Nous adaptons notre approche aux besoins de chacun de nos partenaires.[\/vc_column_text][\/vc_column_inner][vc_column_inner width=\u00a0\u00bb1\/2&Prime; offset=\u00a0\u00bbvc_col-lg-3 vc_col-md-3 vc_col-xs-12&Prime;]<a  itemprop=\"url\" href=\"#for-partners\" target=\"_self\"  class=\"qbutton  big_large default btn-cta\" style=\"\">NOS PARTENAIRES<\/a>[\/vc_column_inner][vc_column_inner width=\u00a0\u00bb1\/2&Prime; offset=\u00a0\u00bbvc_col-lg-3 vc_col-md-3 vc_col-xs-12&Prime;]<a  itemprop=\"url\" href=\"#for-retailers\" target=\"_self\"  class=\"qbutton  big_large default btn-cta\" style=\"\">NOS D\u00c9TAILLANTS<\/a>[\/vc_column_inner][vc_column_inner width=\u00a0\u00bb1\/2&Prime; offset=\u00a0\u00bbvc_col-lg-3 vc_col-md-3 vc_col-xs-12&Prime;]<a  itemprop=\"url\" href=\"#for-consumers\" target=\"_self\"  class=\"qbutton  big_large default btn-cta\" style=\"\">POUR LES CONSOMMATEURS<\/a>[\/vc_column_inner][vc_column_inner width=\u00a0\u00bb1\/2&Prime; offset=\u00a0\u00bbvc_col-lg-3 vc_col-md-3 vc_col-xs-12&Prime;]<a  itemprop=\"url\" href=\"#for-restauranteurs\" target=\"_self\"  class=\"qbutton  big_large default btn-cta\" style=\"\">POUR LES RESTAURATEURS<\/a>[\/vc_column_inner][\/vc_row_inner][\/vc_column][\/vc_row][vc_row css_animation=\u00a0\u00bb\u00a0\u00bb row_type=\u00a0\u00bbrow\u00a0\u00bb use_row_as_full_screen_section=\u00a0\u00bbno\u00a0\u00bb type=\u00a0\u00bbfull_width\u00a0\u00bb angled_section=\u00a0\u00bbno\u00a0\u00bb text_align=\u00a0\u00bbleft\u00a0\u00bb background_image_as_pattern=\u00a0\u00bbwithout_pattern\u00a0\u00bb][vc_column][vc_column_text][\/vc_column_text][\/vc_column][\/vc_row][vc_row css_animation=\u00a0\u00bb\u00a0\u00bb row_type=\u00a0\u00bbrow\u00a0\u00bb use_row_as_full_screen_section=\u00a0\u00bbno\u00a0\u00bb type=\u00a0\u00bbgrid\u00a0\u00bb angled_section=\u00a0\u00bbno\u00a0\u00bb text_align=\u00a0\u00bbcenter\u00a0\u00bb background_image_as_pattern=\u00a0\u00bbwithout_pattern\u00a0\u00bb z_index=\u00a0\u00bb\u00a0\u00bb anchor=\u00a0\u00bbfor-partners\u00a0\u00bb el_id=\u00a0\u00bbfor-partners\u00a0\u00bb el_class=\u00a0\u00bbpadded\u00a0\u00bb][vc_column][vc_column_text]<\/p>\n<h3>Pour les partenaires<\/h3>\n<p>[\/vc_column_text][vc_separator type=\u00a0\u00bbsmall\u00a0\u00bb position=\u00a0\u00bbcenter\u00a0\u00bb el_class=\u00a0\u00bbheader-separator\u00a0\u00bb][vc_row_inner row_type=\u00a0\u00bbrow\u00a0\u00bb type=\u00a0\u00bbfull_width\u00a0\u00bb text_align=\u00a0\u00bbcenter\u00a0\u00bb css_animation=\u00a0\u00bb\u00a0\u00bb][vc_column_inner offset=\u00a0\u00bbvc_col-lg-3 vc_col-md-3&Prime;][\/vc_column_inner][vc_column_inner offset=\u00a0\u00bbvc_col-lg-6 vc_col-md-6&Prime;][vc_column_text]Nous aidons les producteurs de calibre mondial \u00e0 b\u00e2tir leur pr\u00e9sence sur le march\u00e9 canadien. Notre gamme compl\u00e8te de services, notre approche bas\u00e9e sur un interlocuteur unique ainsi que la passion et l\u2019expertise de notre \u00e9quipe sont autant d\u2019atouts qui nous permettront de positionner parfaitement vos produits.[\/vc_column_text][\/vc_column_inner][vc_column_inner offset=\u00a0\u00bbvc_col-lg-3 vc_col-md-3&Prime;][\/vc_column_inner][\/vc_row_inner][\/vc_column][\/vc_row][vc_row css_animation=\u00a0\u00bb\u00a0\u00bb row_type=\u00a0\u00bbrow\u00a0\u00bb use_row_as_full_screen_section=\u00a0\u00bbno\u00a0\u00bb type=\u00a0\u00bbgrid\u00a0\u00bb angled_section=\u00a0\u00bbno\u00a0\u00bb text_align=\u00a0\u00bbcenter\u00a0\u00bb background_image_as_pattern=\u00a0\u00bbwithout_pattern\u00a0\u00bb el_class=\u00a0\u00bbpadded\u00a0\u00bb z_index=\u00a0\u00bb\u00a0\u00bb el_id=\u00a0\u00bbservices-included\u00a0\u00bb][vc_column][vc_column_text]<\/p>\n<h4>NOS SERVICES COMPRENNENT<\/h4>\n<p>[\/vc_column_text][vc_row_inner row_type=\u00a0\u00bbrow\u00a0\u00bb type=\u00a0\u00bbgrid\u00a0\u00bb text_align=\u00a0\u00bbleft\u00a0\u00bb css_animation=\u00a0\u00bb\u00a0\u00bb el_class=\u00a0\u00bbpadded\u00a0\u00bb][vc_column_inner width=\u00a0\u00bb1\/3&Prime; offset=\u00a0\u00bbvc_col-lg-2 vc_col-md-4 vc_col-xs-12&Prime;]<div class='q_icon_with_title large custom_icon_image center '><div class=\"icon_holder \" style=\" \"><img itemprop=\"image\" style=\"\" src=\"https:\/\/iconvinsfins.ca\/wp-content\/uploads\/2019\/11\/services-page-brand-icon@2x.jpg\" alt=\"\"><\/div><div class=\"icon_text_holder\" style=\"\"><div class=\"icon_text_inner\" style=\"\"><h5 class=\"icon_title\" style=\"\">Une gestion sp\u00e9cialis\u00e9e de la marque<\/h5><p style=''><\/p><\/div><\/div><\/div>[\/vc_column_inner][vc_column_inner width=\u00a0\u00bb1\/3&Prime; offset=\u00a0\u00bbvc_col-lg-2 vc_col-md-4 vc_col-xs-12&Prime;]<div class='q_icon_with_title large custom_icon_image center '><div class=\"icon_holder \" style=\" \"><img itemprop=\"image\" style=\"\" src=\"https:\/\/iconvinsfins.ca\/wp-content\/uploads\/2019\/11\/services-page-strategic-icon@2x.jpg\" alt=\"\"><\/div><div class=\"icon_text_holder\" style=\"\"><div class=\"icon_text_inner\" style=\"\"><h5 class=\"icon_title\" style=\"\">Une planification strat\u00e9gique<\/h5><p style=''><\/p><\/div><\/div><\/div>[\/vc_column_inner][vc_column_inner width=\u00a0\u00bb1\/3&Prime; offset=\u00a0\u00bbvc_col-lg-2 vc_col-md-4 vc_col-xs-12&Prime;]<div class='q_icon_with_title large custom_icon_image center '><div class=\"icon_holder \" style=\" \"><img itemprop=\"image\" style=\"\" src=\"https:\/\/iconvinsfins.ca\/wp-content\/uploads\/2019\/11\/services-page-business-icon@2x.jpg\" alt=\"\"><\/div><div class=\"icon_text_holder\" style=\"\"><div class=\"icon_text_inner\" style=\"\"><h5 class=\"icon_title\" style=\"\">Une veille strat\u00e9gique<\/h5><p style=''><\/p><\/div><\/div><\/div>[\/vc_column_inner][vc_column_inner width=\u00a0\u00bb1\/3&Prime; offset=\u00a0\u00bbvc_col-lg-2 vc_col-md-4 vc_col-xs-12&Prime;]<div class='q_icon_with_title large custom_icon_image center '><div class=\"icon_holder \" style=\" \"><img itemprop=\"image\" style=\"\" src=\"https:\/\/iconvinsfins.ca\/wp-content\/uploads\/2019\/11\/services-page-market-icon@2x.jpg\" alt=\"\"><\/div><div class=\"icon_text_holder\" style=\"\"><div class=\"icon_text_inner\" style=\"\"><h5 class=\"icon_title\" style=\"\">Une expertise du march\u00e9 et des canaux de distribution<\/h5><p style=''><\/p><\/div><\/div><\/div>[\/vc_column_inner][vc_column_inner width=\u00a0\u00bb1\/3&Prime; offset=\u00a0\u00bbvc_col-lg-2 vc_col-md-4 vc_col-xs-12&Prime;]<div class='q_icon_with_title large custom_icon_image center '><div class=\"icon_holder \" style=\" \"><img itemprop=\"image\" style=\"\" src=\"https:\/\/iconvinsfins.ca\/wp-content\/uploads\/2019\/11\/services-page-consumer-icon@2x.jpg\" alt=\"\"><\/div><div class=\"icon_text_holder\" style=\"\"><div class=\"icon_text_inner\" style=\"\"><h5 class=\"icon_title\" style=\"\">Un acc\u00e8s direct aux consommateurs<\/h5><p style=''><\/p><\/div><\/div><\/div>[\/vc_column_inner][vc_column_inner width=\u00a0\u00bb1\/3&Prime; offset=\u00a0\u00bbvc_col-lg-2 vc_col-md-4 vc_col-xs-12&Prime;]<div class='q_icon_with_title large custom_icon_image center '><div class=\"icon_holder \" style=\" \"><img itemprop=\"image\" style=\"\" src=\"https:\/\/iconvinsfins.ca\/wp-content\/uploads\/2019\/11\/services-page-logistics-icon@2x.jpg\" alt=\"\"><\/div><div class=\"icon_text_holder\" style=\"\"><div class=\"icon_text_inner\" style=\"\"><h5 class=\"icon_title\" style=\"\">La gestion de la logistique et des stocks<\/h5><p style=''><\/p><\/div><\/div><\/div>[\/vc_column_inner][\/vc_row_inner][\/vc_column][\/vc_row][vc_row css_animation=\u00a0\u00bb\u00a0\u00bb row_type=\u00a0\u00bbrow\u00a0\u00bb use_row_as_full_screen_section=\u00a0\u00bbno\u00a0\u00bb type=\u00a0\u00bbfull_width\u00a0\u00bb angled_section=\u00a0\u00bbno\u00a0\u00bb text_align=\u00a0\u00bbleft\u00a0\u00bb background_image_as_pattern=\u00a0\u00bbwithout_pattern\u00a0\u00bb z_index=\u00a0\u00bb\u00a0\u00bb el_class=\u00a0\u00bbpadded cta-bar\u00a0\u00bb][vc_column][vc_row_inner row_type=\u00a0\u00bbrow\u00a0\u00bb type=\u00a0\u00bbgrid\u00a0\u00bb text_align=\u00a0\u00bbleft\u00a0\u00bb css_animation=\u00a0\u00bb\u00a0\u00bb el_class=\u00a0\u00bbcta-text\u00a0\u00bb][vc_column_inner width=\u00a0\u00bb7\/12&Prime; offset=\u00a0\u00bbvc_col-lg-7 vc_col-md-7&Prime;][vc_column_text]<\/p>\n<h2>Devenez un partenaire<\/h2>\n<p>[\/vc_column_text][\/vc_column_inner][vc_column_inner width=\u00a0\u00bb5\/12&Prime; offset=\u00a0\u00bbvc_col-lg-5 vc_col-md-5&Prime;][vc_empty_space height=\u00a0\u00bb15px\u00a0\u00bb el_class=\u00a0\u00bbvc_hidden-sm\u00a0\u00bb]<a  itemprop=\"url\" href=\"http:\/\/iconvinsfins.ca\/fr\/contact\/\" target=\"_self\"  class=\"qbutton  big_large default btn-cta\" style=\"\">Communiquer Avec Nous<\/a>[\/vc_column_inner][\/vc_row_inner][\/vc_column][\/vc_row][vc_row css_animation=\u00a0\u00bb\u00a0\u00bb row_type=\u00a0\u00bbrow\u00a0\u00bb use_row_as_full_screen_section=\u00a0\u00bbno\u00a0\u00bb type=\u00a0\u00bbgrid\u00a0\u00bb angled_section=\u00a0\u00bbno\u00a0\u00bb text_align=\u00a0\u00bbleft\u00a0\u00bb background_image_as_pattern=\u00a0\u00bbwithout_pattern\u00a0\u00bb z_index=\u00a0\u00bb\u00a0\u00bb el_class=\u00a0\u00bbpadded\u00a0\u00bb anchor=\u00a0\u00bbfor-retailers\u00a0\u00bb padding_bottom=\u00a0\u00bb0&Prime; el_id=\u00a0\u00bbfor-retailers\u00a0\u00bb][vc_column width=\u00a0\u00bb1\/3&Prime;][vc_single_image image=\u00a0\u00bb18428&Prime; img_size=\u00a0\u00bbfull\u00a0\u00bb alignment=\u00a0\u00bbright\u00a0\u00bb qode_css_animation=\u00a0\u00bb\u00a0\u00bb][vc_empty_space height=\u00a0\u00bb40px\u00a0\u00bb][\/vc_column][vc_column width=\u00a0\u00bb1\/12&Prime;][vc_empty_space height=\u00a0\u00bb15px\u00a0\u00bb el_class=\u00a0\u00bbvc_hidden-sm\u00a0\u00bb][vc_separator type=\u00a0\u00bbnormal\u00a0\u00bb color=\u00a0\u00bb#00205c\u00a0\u00bb thickness=\u00a0\u00bb3&Prime; up=\u00a0\u00bb25&Prime;][\/vc_column][vc_column width=\u00a0\u00bb7\/12&Prime;][vc_column_text]<\/p>\n<h3>Pour les d\u00e9taillants<\/h3>\n<p>[\/vc_column_text][vc_empty_space height=\u00a0\u00bb40px\u00a0\u00bb][vc_column_text]Notre \u00e9quipe sp\u00e9cialis\u00e9e s\u2019engage \u00e0 fournir une solution concurrentielle et efficace pour votre entreprise. Gr\u00e2ce \u00e0 notre vision bas\u00e9e sur des donn\u00e9es, \u00e0 notre connaissance de l\u2019industrie et \u00e0 notre passion pour le vin, nous travaillerons avec vous pour \u00e9laborer une offre de produits \u00e0 la fois strat\u00e9gique et adapt\u00e9e \u00e0 votre public cible, afin que vous puissiez vous d\u00e9marquer de la concurrence. [\/vc_column_text][\/vc_column][\/vc_row][vc_row rtl_reverse=\u00a0\u00bbyes\u00a0\u00bb css_animation=\u00a0\u00bb\u00a0\u00bb row_type=\u00a0\u00bbrow\u00a0\u00bb use_row_as_full_screen_section=\u00a0\u00bbno\u00a0\u00bb type=\u00a0\u00bbgrid\u00a0\u00bb angled_section=\u00a0\u00bbno\u00a0\u00bb text_align=\u00a0\u00bbleft\u00a0\u00bb background_image_as_pattern=\u00a0\u00bbwithout_pattern\u00a0\u00bb z_index=\u00a0\u00bb\u00a0\u00bb el_class=\u00a0\u00bbpadded\u00a0\u00bb anchor=\u00a0\u00bbfor-consumers\u00a0\u00bb padding_bottom=\u00a0\u00bb0&Prime; el_id=\u00a0\u00bbfor-consumers\u00a0\u00bb][vc_column width=\u00a0\u00bb1\/3&Prime; el_class=\u00a0\u00bbvc_col-sm-push-8 vc_col-md-push-8&Prime;][vc_single_image image=\u00a0\u00bb18430&Prime; img_size=\u00a0\u00bbfull\u00a0\u00bb qode_css_animation=\u00a0\u00bb\u00a0\u00bb][vc_empty_space height=\u00a0\u00bb40px\u00a0\u00bb][\/vc_column][vc_column width=\u00a0\u00bb1\/12&Prime; el_class=\u00a0\u00bbvc_col-sm-push-3 vc_col-md-push-3&Prime;][vc_empty_space height=\u00a0\u00bb15px\u00a0\u00bb el_class=\u00a0\u00bbvc_hidden-sm\u00a0\u00bb][vc_separator type=\u00a0\u00bbnormal\u00a0\u00bb color=\u00a0\u00bb#00205c\u00a0\u00bb thickness=\u00a0\u00bb3&Prime; up=\u00a0\u00bb25&Prime;][\/vc_column][vc_column width=\u00a0\u00bb7\/12&Prime; el_class=\u00a0\u00bbvc_col-sm-pull-5 vc_col-md-pull-5&Prime;][vc_column_text]<\/p>\n<h3>Pour les Consommateurs<\/h3>\n<p>[\/vc_column_text][vc_empty_space height=\u00a0\u00bb40px\u00a0\u00bb][vc_column_text]Nos sp\u00e9cialistes sauront vous aider \u00e0 choisir le vin id\u00e9al pour toute occasion. Profitez d\u2019un acc\u00e8s exclusif \u00e0 des vins de r\u00e9serve, recevez des invitations personnalis\u00e9es \u00e0 des \u00e9v\u00e9nements susceptibles de vous int\u00e9resser et obtenez une vision personnalis\u00e9e de votre cellier. [\/vc_column_text][\/vc_column][\/vc_row][vc_row css_animation=\u00a0\u00bb\u00a0\u00bb row_type=\u00a0\u00bbrow\u00a0\u00bb use_row_as_full_screen_section=\u00a0\u00bbno\u00a0\u00bb type=\u00a0\u00bbgrid\u00a0\u00bb angled_section=\u00a0\u00bbno\u00a0\u00bb text_align=\u00a0\u00bbleft\u00a0\u00bb background_image_as_pattern=\u00a0\u00bbwithout_pattern\u00a0\u00bb z_index=\u00a0\u00bb\u00a0\u00bb el_class=\u00a0\u00bbpadded\u00a0\u00bb anchor=\u00a0\u00bbfor-restauranteurs\u00a0\u00bb el_id=\u00a0\u00bbfor-restauranteurs\u00a0\u00bb][vc_column width=\u00a0\u00bb1\/3&Prime;][vc_single_image image=\u00a0\u00bb18432&Prime; img_size=\u00a0\u00bbfull\u00a0\u00bb alignment=\u00a0\u00bbright\u00a0\u00bb qode_css_animation=\u00a0\u00bb\u00a0\u00bb][vc_empty_space height=\u00a0\u00bb40px\u00a0\u00bb][\/vc_column][vc_column width=\u00a0\u00bb1\/12&Prime;][vc_empty_space height=\u00a0\u00bb15px\u00a0\u00bb el_class=\u00a0\u00bbvc_hidden-sm\u00a0\u00bb][vc_separator type=\u00a0\u00bbnormal\u00a0\u00bb color=\u00a0\u00bb#00205c\u00a0\u00bb thickness=\u00a0\u00bb3&Prime; up=\u00a0\u00bb25&Prime;][\/vc_column][vc_column width=\u00a0\u00bb7\/12&Prime;][vc_column_text]<\/p>\n<h3>Pour les Restaurateurs<\/h3>\n<p>[\/vc_column_text][vc_empty_space height=\u00a0\u00bb40px\u00a0\u00bb][vc_column_text]Nous vous offrons une approche int\u00e9gr\u00e9e de votre carte de vins. De la consultation \u00e0 la formation de votre personnel, en passant par les d\u00e9gustations pour vos clients, notre \u00e9quipe exp\u00e9riment\u00e9e et passionn\u00e9e s\u2019investira sans r\u00e9serve dans votre r\u00e9ussite. [\/vc_column_text][\/vc_column][\/vc_row]<\/p>\n<\/div>","protected":false},"excerpt":{"rendered":"<p>[vc_row css_animation=\u00a0\u00bb\u00a0\u00bb row_type=\u00a0\u00bbrow\u00a0\u00bb use_row_as_full_screen_section=\u00a0\u00bbno\u00a0\u00bb type=\u00a0\u00bbfull_width\u00a0\u00bb angled_section=\u00a0\u00bbno\u00a0\u00bb text_align=\u00a0\u00bbcenter\u00a0\u00bb background_image_as_pattern=\u00a0\u00bbwithout_pattern\u00a0\u00bb el_class=\u00a0\u00bbpage-banner\u00a0\u00bb z_index=\u00a0\u00bb\u00a0\u00bb][vc_column][vc_row_inner row_type=\u00a0\u00bbrow\u00a0\u00bb type=\u00a0\u00bbfull_width\u00a0\u00bb text_align=\u00a0\u00bbcenter\u00a0\u00bb row_negative_margin=\u00a0\u00bbdisable_negative_margin\u00a0\u00bb css_animation=\u00a0\u00bb\u00a0\u00bb el_class=\u00a0\u00bbbanner-text with-button\u00a0\u00bb css=\u00a0\u00bb.vc_custom_1658367424190{background-image: url(http:\/\/iconvinsfins.ca\/wp-content\/uploads\/2022\/07\/banner-services-1-1024&#215;416-1.jpg?id=18435) !important;}\u00a0\u00bb][vc_column_inner][vc_column_text] Nos Services [\/vc_column_text][vc_empty_space height=\u00a0\u00bb20px\u00a0\u00bb el_class=\u00a0\u00bbvc_hidden-md vc_hidden-lg\u00a0\u00bb][vc_column_text]Nous adaptons notre approche aux besoins de chacun de nos partenaires.[\/vc_column_text][\/vc_column_inner][vc_column_inner width=\u00a0\u00bb1\/2&Prime; offset=\u00a0\u00bbvc_col-lg-3 vc_col-md-3 vc_col-xs-12&Prime;][\/vc_column_inner][vc_column_inner width=\u00a0\u00bb1\/2&Prime; offset=\u00a0\u00bbvc_col-lg-3 vc_col-md-3 vc_col-xs-12&Prime;][\/vc_column_inner][vc_column_inner width=\u00a0\u00bb1\/2&Prime;&#8230;<\/p>\n","protected":false},"author":1,"featured_media":0,"parent":0,"menu_order":0,"comment_status":"closed","ping_status":"closed","template":"full_width.php","meta":{"content-type":"","footnotes":""},"yoast_head":"<!-- This site is optimized with the Yoast SEO plugin v22.4 - https:\/\/yoast.com\/wordpress\/plugins\/seo\/ -->\n<title>Services - Icon Vins Fins Merchants<\/title>\n<meta name=\"description\" content=\"Select Wines is open to working with various industry partners. We are here and we can help each other. Take a tour and become a partner now of our brand.\" \/>\n<meta name=\"robots\" content=\"index, follow, max-snippet:-1, max-image-preview:large, max-video-preview:-1\" \/>\n<link rel=\"canonical\" href=\"https:\/\/iconvinsfins.ca\/fr\/services\/\" \/>\n<meta property=\"og:locale\" content=\"fr_FR\" \/>\n<meta property=\"og:type\" content=\"article\" \/>\n<meta property=\"og:title\" content=\"Services - Icon Vins Fins Merchants\" \/>\n<meta property=\"og:description\" content=\"Select Wines is open to working with various industry partners. We are here and we can help each other. Take a tour and become a partner now of our brand.\" \/>\n<meta property=\"og:url\" content=\"https:\/\/iconvinsfins.ca\/fr\/services\/\" \/>\n<meta property=\"og:site_name\" content=\"Icon Vins Fins\" \/>\n<meta property=\"article:modified_time\" content=\"2023-03-07T06:35:49+00:00\" \/>\n<meta name=\"twitter:card\" content=\"summary_large_image\" \/>\n<meta name=\"twitter:label1\" content=\"Dur\u00e9e de lecture estim\u00e9e\" \/>\n\t<meta name=\"twitter:data1\" content=\"3 minutes\" \/>\n<script type=\"application\/ld+json\" class=\"yoast-schema-graph\">{\"@context\":\"https:\/\/schema.org\",\"@graph\":[{\"@type\":\"WebPage\",\"@id\":\"https:\/\/iconvinsfins.ca\/fr\/services\/\",\"url\":\"https:\/\/iconvinsfins.ca\/fr\/services\/\",\"name\":\"Services - Icon Vins Fins Merchants\",\"isPartOf\":{\"@id\":\"https:\/\/iconvinsfins.ca\/#website\"},\"datePublished\":\"2019-11-13T03:54:29+00:00\",\"dateModified\":\"2023-03-07T06:35:49+00:00\",\"description\":\"Select Wines is open to working with various industry partners. We are here and we can help each other. Take a tour and become a partner now of our brand.\",\"breadcrumb\":{\"@id\":\"https:\/\/iconvinsfins.ca\/fr\/services\/#breadcrumb\"},\"inLanguage\":\"fr-FR\",\"potentialAction\":[{\"@type\":\"ReadAction\",\"target\":[\"https:\/\/iconvinsfins.ca\/fr\/services\/\"]}]},{\"@type\":\"BreadcrumbList\",\"@id\":\"https:\/\/iconvinsfins.ca\/fr\/services\/#breadcrumb\",\"itemListElement\":[{\"@type\":\"ListItem\",\"position\":1,\"name\":\"Home\",\"item\":\"https:\/\/iconvinsfins.ca\/fr\/\"},{\"@type\":\"ListItem\",\"position\":2,\"name\":\"Services\"}]},{\"@type\":\"WebSite\",\"@id\":\"https:\/\/iconvinsfins.ca\/#website\",\"url\":\"https:\/\/iconvinsfins.ca\/\",\"name\":\"Icon Vins Fins\",\"description\":\"\",\"potentialAction\":[{\"@type\":\"SearchAction\",\"target\":{\"@type\":\"EntryPoint\",\"urlTemplate\":\"https:\/\/iconvinsfins.ca\/?s={search_term_string}\"},\"query-input\":\"required name=search_term_string\"}],\"inLanguage\":\"fr-FR\"}]}<\/script>\n<!-- \/ Yoast SEO plugin. -->","yoast_head_json":{"title":"Services - Icon Vins Fins Merchants","description":"Select Wines is open to working with various industry partners. We are here and we can help each other. Take a tour and become a partner now of our brand.","robots":{"index":"index","follow":"follow","max-snippet":"max-snippet:-1","max-image-preview":"max-image-preview:large","max-video-preview":"max-video-preview:-1"},"canonical":"https:\/\/iconvinsfins.ca\/fr\/services\/","og_locale":"fr_FR","og_type":"article","og_title":"Services - Icon Vins Fins Merchants","og_description":"Select Wines is open to working with various industry partners. We are here and we can help each other. Take a tour and become a partner now of our brand.","og_url":"https:\/\/iconvinsfins.ca\/fr\/services\/","og_site_name":"Icon Vins Fins","article_modified_time":"2023-03-07T06:35:49+00:00","twitter_card":"summary_large_image","twitter_misc":{"Dur\u00e9e de lecture estim\u00e9e":"3 minutes"},"schema":{"@context":"https:\/\/schema.org","@graph":[{"@type":"WebPage","@id":"https:\/\/iconvinsfins.ca\/fr\/services\/","url":"https:\/\/iconvinsfins.ca\/fr\/services\/","name":"Services - Icon Vins Fins Merchants","isPartOf":{"@id":"https:\/\/iconvinsfins.ca\/#website"},"datePublished":"2019-11-13T03:54:29+00:00","dateModified":"2023-03-07T06:35:49+00:00","description":"Select Wines is open to working with various industry partners. We are here and we can help each other. Take a tour and become a partner now of our brand.","breadcrumb":{"@id":"https:\/\/iconvinsfins.ca\/fr\/services\/#breadcrumb"},"inLanguage":"fr-FR","potentialAction":[{"@type":"ReadAction","target":["https:\/\/iconvinsfins.ca\/fr\/services\/"]}]},{"@type":"BreadcrumbList","@id":"https:\/\/iconvinsfins.ca\/fr\/services\/#breadcrumb","itemListElement":[{"@type":"ListItem","position":1,"name":"Home","item":"https:\/\/iconvinsfins.ca\/fr\/"},{"@type":"ListItem","position":2,"name":"Services"}]},{"@type":"WebSite","@id":"https:\/\/iconvinsfins.ca\/#website","url":"https:\/\/iconvinsfins.ca\/","name":"Icon Vins Fins","description":"","potentialAction":[{"@type":"SearchAction","target":{"@type":"EntryPoint","urlTemplate":"https:\/\/iconvinsfins.ca\/?s={search_term_string}"},"query-input":"required name=search_term_string"}],"inLanguage":"fr-FR"}]}},"_links":{"self":[{"href":"https:\/\/iconvinsfins.ca\/fr\/wp-json\/wp\/v2\/pages\/488"}],"collection":[{"href":"https:\/\/iconvinsfins.ca\/fr\/wp-json\/wp\/v2\/pages"}],"about":[{"href":"https:\/\/iconvinsfins.ca\/fr\/wp-json\/wp\/v2\/types\/page"}],"author":[{"embeddable":true,"href":"https:\/\/iconvinsfins.ca\/fr\/wp-json\/wp\/v2\/users\/1"}],"replies":[{"embeddable":true,"href":"https:\/\/iconvinsfins.ca\/fr\/wp-json\/wp\/v2\/comments?post=488"}],"version-history":[{"count":37,"href":"https:\/\/iconvinsfins.ca\/fr\/wp-json\/wp\/v2\/pages\/488\/revisions"}],"predecessor-version":[{"id":21269,"href":"https:\/\/iconvinsfins.ca\/fr\/wp-json\/wp\/v2\/pages\/488\/revisions\/21269"}],"wp:attachment":[{"href":"https:\/\/iconvinsfins.ca\/fr\/wp-json\/wp\/v2\/media?parent=488"}],"curies":[{"name":"wp","href":"https:\/\/api.w.org\/{rel}","templated":true}]}}