{"id":507,"date":"2019-11-13T04:01:46","date_gmt":"2019-11-13T04:01:46","guid":{"rendered":"http:\/\/selectwines.kika.me\/?page_id=507"},"modified":"2023-03-07T06:35:01","modified_gmt":"2023-03-07T06:35:01","slug":"about","status":"publish","type":"page","link":"https:\/\/iconvinsfins.ca\/fr\/about\/","title":{"rendered":"About"},"content":{"rendered":"<div class=\"wpb-content-wrapper\"><p>[vc_row css_animation=\u00a0\u00bb\u00a0\u00bb row_type=\u00a0\u00bbrow\u00a0\u00bb use_row_as_full_screen_section=\u00a0\u00bbno\u00a0\u00bb type=\u00a0\u00bbfull_width\u00a0\u00bb angled_section=\u00a0\u00bbno\u00a0\u00bb text_align=\u00a0\u00bbcenter\u00a0\u00bb background_image_as_pattern=\u00a0\u00bbwithout_pattern\u00a0\u00bb el_class=\u00a0\u00bbpage-banner\u00a0\u00bb z_index=\u00a0\u00bb\u00a0\u00bb][vc_column][vc_row_inner row_type=\u00a0\u00bbrow\u00a0\u00bb type=\u00a0\u00bbfull_width\u00a0\u00bb text_align=\u00a0\u00bbcenter\u00a0\u00bb row_negative_margin=\u00a0\u00bbdisable_negative_margin\u00a0\u00bb css_animation=\u00a0\u00bb\u00a0\u00bb el_class=\u00a0\u00bbbanner-text\u00a0\u00bb css=\u00a0\u00bb.vc_custom_1658367178241{background-image: url(http:\/\/iconvinsfins.ca\/wp-content\/uploads\/2022\/07\/banner-about-1-1024&#215;416-1.jpg?id=18422) !important;}\u00a0\u00bb][vc_column_inner][vc_column_text]<\/p>\n<h1>\u00e0 propos de nous<\/h1>\n<p>[\/vc_column_text][vc_empty_space height=\u00a0\u00bb20px\u00a0\u00bb el_class=\u00a0\u00bbvc_hidden-md vc_hidden-lg\u00a0\u00bb][vc_column_text]Nous sommes plus que des fournisseurs de vins et spiritueux. <br class=\"vc_hidden-xs vc_hidden-sm\" \/>Nous cr\u00e9ons des liens entre les Canadiens et un univers d\u2019excellence.<\/p>\n<p>[\/vc_column_text][\/vc_column_inner][\/vc_row_inner][\/vc_column][\/vc_row][vc_row css_animation=\u00a0\u00bb\u00a0\u00bb row_type=\u00a0\u00bbrow\u00a0\u00bb use_row_as_full_screen_section=\u00a0\u00bbno\u00a0\u00bb type=\u00a0\u00bbgrid\u00a0\u00bb angled_section=\u00a0\u00bbno\u00a0\u00bb text_align=\u00a0\u00bbcenter\u00a0\u00bb background_image_as_pattern=\u00a0\u00bbwithout_pattern\u00a0\u00bb z_index=\u00a0\u00bb\u00a0\u00bb el_class=\u00a0\u00bbpadded\u00a0\u00bb][vc_column][vc_column_text]<\/p>\n<h3>notre histoire<\/h3>\n<p>[\/vc_column_text][vc_separator type=\u00a0\u00bbsmall\u00a0\u00bb position=\u00a0\u00bbcenter\u00a0\u00bb el_class=\u00a0\u00bbheader-separator\u00a0\u00bb][vc_empty_space height=\u00a0\u00bb50px\u00a0\u00bb el_class=\u00a0\u00bbvc_hidden-xs vc_hidden-sm\u00a0\u00bb][vc_row_inner row_type=\u00a0\u00bbrow\u00a0\u00bb type=\u00a0\u00bbfull_width\u00a0\u00bb text_align=\u00a0\u00bbleft\u00a0\u00bb css_animation=\u00a0\u00bb\u00a0\u00bb][vc_column_inner offset=\u00a0\u00bbvc_col-lg-6 vc_col-md-6&Prime;][vc_single_image image=\u00a0\u00bb2804&Prime; img_size=\u00a0\u00bbfull\u00a0\u00bb alignment=\u00a0\u00bbcenter\u00a0\u00bb qode_css_animation=\u00a0\u00bb\u00a0\u00bb][\/vc_column_inner][vc_column_inner offset=\u00a0\u00bbvc_col-lg-1 vc_col-md-1&Prime;][vc_empty_space][\/vc_column_inner][vc_column_inner el_class=\u00a0\u00bbcol-text\u00a0\u00bb offset=\u00a0\u00bbvc_col-lg-5 vc_col-md-5&Prime;][vc_column_text el_class=\u00a0\u00bbfont-size-18 grey mobile-copy\u00a0\u00bb]Depuis sa cr\u00e9ation en 2010, Icon Fine Wine &amp; Spirits cultive des relations fructueuses entre des producteurs et des sp\u00e9cialistes canadiens du commerce des vins. Aujourd\u2019hui, Icon est l\u2019une des agences-boutiques de vins qui conna\u00eet la croissance la plus rapide dans l\u2019ouest du Canada. L\u2019entreprise, dont la client\u00e8le se situe partout au Canada, se d\u00e9marque par son approche qui sort des sentiers battus.<\/p>\n<p>Avec des bureaux \u00e0 Vancouver et Calgary, nous offrons un service sans \u00e9gal \u00e0 nos partenaires gr\u00e2ce \u00e0 nos \u00e9quipes de ventes et de marketing motiv\u00e9es, passionn\u00e9es et orient\u00e9es vers les r\u00e9sultats.[\/vc_column_text][\/vc_column_inner][\/vc_row_inner][\/vc_column][\/vc_row][vc_row css_animation=\u00a0\u00bb\u00a0\u00bb row_type=\u00a0\u00bbrow\u00a0\u00bb use_row_as_full_screen_section=\u00a0\u00bbno\u00a0\u00bb type=\u00a0\u00bbfull_width\u00a0\u00bb angled_section=\u00a0\u00bbno\u00a0\u00bb text_align=\u00a0\u00bbleft\u00a0\u00bb background_image_as_pattern=\u00a0\u00bbwithout_pattern\u00a0\u00bb z_index=\u00a0\u00bb\u00a0\u00bb el_class=\u00a0\u00bbpadded cta-bar\u00a0\u00bb][vc_column][vc_row_inner row_type=\u00a0\u00bbrow\u00a0\u00bb type=\u00a0\u00bbgrid\u00a0\u00bb text_align=\u00a0\u00bbleft\u00a0\u00bb css_animation=\u00a0\u00bb\u00a0\u00bb el_class=\u00a0\u00bbcta-text\u00a0\u00bb][vc_column_inner width=\u00a0\u00bb2\/3&Prime; offset=\u00a0\u00bbvc_col-lg-8 vc_col-md-8&Prime;][vc_column_text]<\/p>\n<h2>Joignez-vous \u00e0 notre \u00e9quipe<\/h2>\n<p>[\/vc_column_text][\/vc_column_inner][vc_column_inner width=\u00a0\u00bb1\/3&Prime; offset=\u00a0\u00bbvc_col-lg-4 vc_col-md-4&Prime;][vc_empty_space height=\u00a0\u00bb15px\u00a0\u00bb el_class=\u00a0\u00bbvc_hidden-sm\u00a0\u00bb]<a  itemprop=\"url\" href=\"http:\/\/iconvinsfins.ca\/fr\/contact\/\" target=\"_self\"  class=\"qbutton  big_large default btn-cta\" style=\"\">COMMUNIQUER AVEC NOUS<\/a>[\/vc_column_inner][\/vc_row_inner][\/vc_column][\/vc_row]<\/p>\n<\/div>","protected":false},"excerpt":{"rendered":"<p>[vc_row css_animation=\u00a0\u00bb\u00a0\u00bb row_type=\u00a0\u00bbrow\u00a0\u00bb use_row_as_full_screen_section=\u00a0\u00bbno\u00a0\u00bb type=\u00a0\u00bbfull_width\u00a0\u00bb angled_section=\u00a0\u00bbno\u00a0\u00bb text_align=\u00a0\u00bbcenter\u00a0\u00bb background_image_as_pattern=\u00a0\u00bbwithout_pattern\u00a0\u00bb el_class=\u00a0\u00bbpage-banner\u00a0\u00bb z_index=\u00a0\u00bb\u00a0\u00bb][vc_column][vc_row_inner row_type=\u00a0\u00bbrow\u00a0\u00bb type=\u00a0\u00bbfull_width\u00a0\u00bb text_align=\u00a0\u00bbcenter\u00a0\u00bb row_negative_margin=\u00a0\u00bbdisable_negative_margin\u00a0\u00bb css_animation=\u00a0\u00bb\u00a0\u00bb el_class=\u00a0\u00bbbanner-text\u00a0\u00bb css=\u00a0\u00bb.vc_custom_1658367178241{background-image: url(http:\/\/iconvinsfins.ca\/wp-content\/uploads\/2022\/07\/banner-about-1-1024&#215;416-1.jpg?id=18422) !important;}\u00a0\u00bb][vc_column_inner][vc_column_text] \u00e0 propos de nous [\/vc_column_text][vc_empty_space height=\u00a0\u00bb20px\u00a0\u00bb el_class=\u00a0\u00bbvc_hidden-md vc_hidden-lg\u00a0\u00bb][vc_column_text]Nous sommes plus que des fournisseurs de vins et spiritueux. Nous cr\u00e9ons des liens entre les Canadiens et un&#8230;<\/p>\n","protected":false},"author":1,"featured_media":0,"parent":0,"menu_order":0,"comment_status":"closed","ping_status":"closed","template":"full_width.php","meta":{"content-type":"","footnotes":""},"yoast_head":"<!-- This site is optimized with the Yoast SEO plugin v22.4 - https:\/\/yoast.com\/wordpress\/plugins\/seo\/ -->\n<title>About - Icon Vins Fins Merchants<\/title>\n<meta name=\"description\" content=\"Every brand has a unique story and Select Wines also has something unique to share. Read our story now and learn more about who we are and our brand.\" \/>\n<meta name=\"robots\" content=\"index, follow, max-snippet:-1, max-image-preview:large, max-video-preview:-1\" \/>\n<link rel=\"canonical\" href=\"https:\/\/iconvinsfins.ca\/fr\/about\/\" \/>\n<meta property=\"og:locale\" content=\"fr_FR\" \/>\n<meta property=\"og:type\" content=\"article\" \/>\n<meta property=\"og:title\" content=\"About - Icon Vins Fins Merchants\" \/>\n<meta property=\"og:description\" content=\"Every brand has a unique story and Select Wines also has something unique to share. Read our story now and learn more about who we are and our brand.\" \/>\n<meta property=\"og:url\" content=\"https:\/\/iconvinsfins.ca\/fr\/about\/\" \/>\n<meta property=\"og:site_name\" content=\"Icon Vins Fins\" \/>\n<meta property=\"article:modified_time\" content=\"2023-03-07T06:35:01+00:00\" \/>\n<meta name=\"twitter:card\" content=\"summary_large_image\" \/>\n<meta name=\"twitter:label1\" content=\"Dur\u00e9e de lecture estim\u00e9e\" \/>\n\t<meta name=\"twitter:data1\" content=\"1 minute\" \/>\n<script type=\"application\/ld+json\" class=\"yoast-schema-graph\">{\"@context\":\"https:\/\/schema.org\",\"@graph\":[{\"@type\":\"WebPage\",\"@id\":\"https:\/\/iconvinsfins.ca\/fr\/about\/\",\"url\":\"https:\/\/iconvinsfins.ca\/fr\/about\/\",\"name\":\"About - Icon Vins Fins Merchants\",\"isPartOf\":{\"@id\":\"https:\/\/iconvinsfins.ca\/#website\"},\"datePublished\":\"2019-11-13T04:01:46+00:00\",\"dateModified\":\"2023-03-07T06:35:01+00:00\",\"description\":\"Every brand has a unique story and Select Wines also has something unique to share. Read our story now and learn more about who we are and our brand.\",\"breadcrumb\":{\"@id\":\"https:\/\/iconvinsfins.ca\/fr\/about\/#breadcrumb\"},\"inLanguage\":\"fr-FR\",\"potentialAction\":[{\"@type\":\"ReadAction\",\"target\":[\"https:\/\/iconvinsfins.ca\/fr\/about\/\"]}]},{\"@type\":\"BreadcrumbList\",\"@id\":\"https:\/\/iconvinsfins.ca\/fr\/about\/#breadcrumb\",\"itemListElement\":[{\"@type\":\"ListItem\",\"position\":1,\"name\":\"Home\",\"item\":\"https:\/\/iconvinsfins.ca\/fr\/\"},{\"@type\":\"ListItem\",\"position\":2,\"name\":\"About\"}]},{\"@type\":\"WebSite\",\"@id\":\"https:\/\/iconvinsfins.ca\/#website\",\"url\":\"https:\/\/iconvinsfins.ca\/\",\"name\":\"Icon Vins Fins\",\"description\":\"\",\"potentialAction\":[{\"@type\":\"SearchAction\",\"target\":{\"@type\":\"EntryPoint\",\"urlTemplate\":\"https:\/\/iconvinsfins.ca\/?s={search_term_string}\"},\"query-input\":\"required name=search_term_string\"}],\"inLanguage\":\"fr-FR\"}]}<\/script>\n<!-- \/ Yoast SEO plugin. -->","yoast_head_json":{"title":"About - Icon Vins Fins Merchants","description":"Every brand has a unique story and Select Wines also has something unique to share. Read our story now and learn more about who we are and our brand.","robots":{"index":"index","follow":"follow","max-snippet":"max-snippet:-1","max-image-preview":"max-image-preview:large","max-video-preview":"max-video-preview:-1"},"canonical":"https:\/\/iconvinsfins.ca\/fr\/about\/","og_locale":"fr_FR","og_type":"article","og_title":"About - Icon Vins Fins Merchants","og_description":"Every brand has a unique story and Select Wines also has something unique to share. Read our story now and learn more about who we are and our brand.","og_url":"https:\/\/iconvinsfins.ca\/fr\/about\/","og_site_name":"Icon Vins Fins","article_modified_time":"2023-03-07T06:35:01+00:00","twitter_card":"summary_large_image","twitter_misc":{"Dur\u00e9e de lecture estim\u00e9e":"1 minute"},"schema":{"@context":"https:\/\/schema.org","@graph":[{"@type":"WebPage","@id":"https:\/\/iconvinsfins.ca\/fr\/about\/","url":"https:\/\/iconvinsfins.ca\/fr\/about\/","name":"About - Icon Vins Fins Merchants","isPartOf":{"@id":"https:\/\/iconvinsfins.ca\/#website"},"datePublished":"2019-11-13T04:01:46+00:00","dateModified":"2023-03-07T06:35:01+00:00","description":"Every brand has a unique story and Select Wines also has something unique to share. Read our story now and learn more about who we are and our brand.","breadcrumb":{"@id":"https:\/\/iconvinsfins.ca\/fr\/about\/#breadcrumb"},"inLanguage":"fr-FR","potentialAction":[{"@type":"ReadAction","target":["https:\/\/iconvinsfins.ca\/fr\/about\/"]}]},{"@type":"BreadcrumbList","@id":"https:\/\/iconvinsfins.ca\/fr\/about\/#breadcrumb","itemListElement":[{"@type":"ListItem","position":1,"name":"Home","item":"https:\/\/iconvinsfins.ca\/fr\/"},{"@type":"ListItem","position":2,"name":"About"}]},{"@type":"WebSite","@id":"https:\/\/iconvinsfins.ca\/#website","url":"https:\/\/iconvinsfins.ca\/","name":"Icon Vins Fins","description":"","potentialAction":[{"@type":"SearchAction","target":{"@type":"EntryPoint","urlTemplate":"https:\/\/iconvinsfins.ca\/?s={search_term_string}"},"query-input":"required name=search_term_string"}],"inLanguage":"fr-FR"}]}},"_links":{"self":[{"href":"https:\/\/iconvinsfins.ca\/fr\/wp-json\/wp\/v2\/pages\/507"}],"collection":[{"href":"https:\/\/iconvinsfins.ca\/fr\/wp-json\/wp\/v2\/pages"}],"about":[{"href":"https:\/\/iconvinsfins.ca\/fr\/wp-json\/wp\/v2\/types\/page"}],"author":[{"embeddable":true,"href":"https:\/\/iconvinsfins.ca\/fr\/wp-json\/wp\/v2\/users\/1"}],"replies":[{"embeddable":true,"href":"https:\/\/iconvinsfins.ca\/fr\/wp-json\/wp\/v2\/comments?post=507"}],"version-history":[{"count":27,"href":"https:\/\/iconvinsfins.ca\/fr\/wp-json\/wp\/v2\/pages\/507\/revisions"}],"predecessor-version":[{"id":21268,"href":"https:\/\/iconvinsfins.ca\/fr\/wp-json\/wp\/v2\/pages\/507\/revisions\/21268"}],"wp:attachment":[{"href":"https:\/\/iconvinsfins.ca\/fr\/wp-json\/wp\/v2\/media?parent=507"}],"curies":[{"name":"wp","href":"https:\/\/api.w.org\/{rel}","templated":true}]}}